{"id":710,"date":"2023-10-10T11:12:02","date_gmt":"2023-10-10T11:12:02","guid":{"rendered":"https:\/\/cccyclosphera.com\/?page_id=710"},"modified":"2024-01-31T10:46:52","modified_gmt":"2024-01-31T10:46:52","slug":"home","status":"publish","type":"page","link":"https:\/\/cccyclosphera.com\/es\/","title":{"rendered":"Cyclosphera Cyclist Club"},"content":{"rendered":"<section class=\"l-section wpb_row us_custom_95a9d56c height_large width_full\"><div class=\"l-section-h i-cf\"><div class=\"g-cols vc_row via_grid cols_5 laptops-cols_inherit tablets-cols_inherit mobiles-cols_1 valign_middle type_default stacking_default\"><div class=\"wpb_column vc_column_container\"><div class=\"vc_column-inner\"><\/div><\/div><div class=\"wpb_column vc_column_container\"><div class=\"vc_column-inner\"><\/div><\/div><div class=\"wpb_column vc_column_container\"><div class=\"vc_column-inner\"><\/div><\/div><div class=\"wpb_column vc_column_container\"><div class=\"vc_column-inner\"><\/div><\/div><div class=\"wpb_column vc_column_container\"><div class=\"vc_column-inner\"><\/div><\/div><\/div><\/div><\/section><section class=\"l-section wpb_row us_custom_9391fec0 height_small width_custom\" style=\"--site-content-width:1390px;\"><div class=\"l-section-h i-cf\"><div class=\"g-cols vc_row via_grid cols_2 laptops-cols_inherit tablets-cols_inherit mobiles-cols_1 valign_top type_default stacking_default\" style=\"--gap:2.7rem;\"><div class=\"wpb_column vc_column_container\"><div class=\"vc_column-inner\"><div class=\"g-cols wpb_row via_grid cols_1 laptops-cols_inherit tablets-cols_inherit mobiles-cols_1 valign_top type_boxes stacking_default\"><div class=\"wpb_column vc_column_container\"><div class=\"vc_column-inner\"><div class=\"wpb_text_column us_custom_fa19cac2 has_text_color\"><div class=\"wpb_wrapper\"><h3>El Club<\/h3>\n<\/div><\/div><div class=\"w-separator size_medium\"><\/div><div class=\"wpb_text_column\"><div class=\"wpb_wrapper\"><p>Desde la tienda\/taller Cyclosphera, en Banyoles, arrancamos el club en la temporada del 2024 para que todos nuestros clientes y quien lo desee, pueda federarse con nosotros y empezar a crear una comunidad con actividades en el entorno del ciclismo.<\/p>\n<p>Nos apasiona el ciclismo, y en el club, fomentamos la pr\u00e1ctica as\u00ed como asistir como p\u00fablico a grandes eventos como puede ser un Tour o una world cup.<\/p>\n<p>Dentro del club, encontrar\u00e1s eventos, salidas, descuentos, actividades,&#8230;<\/p>\n<p>La ventaja m\u00e1s importante, es que Cyclosphera como tienda\/taller, es la asistencia t\u00e9cnica oficial de alguna carrera como la Pedales de Fuego, as\u00ed que si formas parte del club, tendr\u00e1s una asistencia m\u00e1s personalizada en estas carreras.<\/p>\n<\/div><\/div><\/div><\/div><\/div><\/div><\/div><div class=\"wpb_column vc_column_container\"><div class=\"vc_column-inner\"><div class=\"g-cols wpb_row via_grid cols_1 laptops-cols_inherit tablets-cols_inherit mobiles-cols_1 valign_top type_boxes stacking_default\"><div class=\"wpb_column vc_column_container\"><div class=\"vc_column-inner\"><div class=\"w-separator hide_on_mobiles size_medium\"><\/div><div class=\"wpb_text_column us_custom_c619bc80 has_text_color\"><div class=\"wpb_wrapper\"><p>&#8220;Cyclosphera Cyclist Club est\u00e1 pensado para disfrutar del ciclismo en todas sus vertientes, tanto si es tu primera carrera popular como si compites en los niveles m\u00e1s altos.&#8221;<\/p>\n<\/div><\/div><div class=\"w-separator hide_on_mobiles size_medium\"><\/div><\/div><\/div><\/div><\/div><\/div><\/div><\/div><\/section><section class=\"l-section wpb_row us_custom_31e096dc height_auto full_height valign_bottom width_custom\" style=\"--site-content-width:1360px;\"><div class=\"l-section-h i-cf\"><div class=\"g-cols vc_row via_grid cols_2 laptops-cols_inherit tablets-cols_inherit mobiles-cols_1 valign_middle type_default stacking_default\"><div class=\"wpb_column vc_column_container\"><div class=\"vc_column-inner\"><div class=\"g-cols wpb_row us_custom_de76c375 via_grid cols_1 laptops-cols_inherit tablets-cols_inherit mobiles-cols_1 valign_middle type_boxes stacking_default\"><div class=\"wpb_column vc_column_container\"><div class=\"vc_column-inner\"><div class=\"w-separator size_medium\"><\/div><div class=\"w-separator size_medium\"><\/div><div class=\"wpb_text_column us_custom_c81f73a6 has_text_color\"><div class=\"wpb_wrapper\"><p>Federate con nosotros y podr\u00e1s formar parte de nuestro club. Una vez hecho, podr\u00e1s registrarte desde aqu\u00ed y empezar a disfrutar de todo lo que te espera en el club!<\/p>\n<p>Inscr\u00edbete y espera que te validemos tu cuenta<\/p>\n<\/div><\/div><div class=\"w-separator size_medium\"><\/div><div class=\"w-btn-wrapper align_none\"><a class=\"w-btn us-btn-style_1\" href=\"https:\/\/cccyclosphera.com\/register\/\"><span class=\"w-btn-label\">Registrarse<\/span><\/a><\/div><div class=\"w-separator size_medium\"><\/div><\/div><\/div><\/div><\/div><\/div><div class=\"wpb_column vc_column_container\"><div class=\"vc_column-inner\"><\/div><\/div><\/div><\/div><\/section><section class=\"l-section wpb_row us_custom_efc70cfb height_auto width_custom\" style=\"--site-content-width:1360px;\"><div class=\"l-section-h i-cf\"><div class=\"g-cols vc_row via_grid cols_3 laptops-cols_inherit tablets-cols_inherit mobiles-cols_1 valign_middle type_default stacking_default\" style=\"--gap:0.6rem;\"><div class=\"wpb_column vc_column_container us_custom_cd7e6083\"><div class=\"vc_column-inner\"><div class=\"w-separator size_medium\"><\/div><div class=\"g-cols wpb_row us_custom_ef014360 us_animate_this via_grid cols_1 laptops-cols_inherit tablets-cols_inherit mobiles-cols_1 valign_top type_boxes stacking_default\"><div class=\"wpb_column vc_column_container\"><div class=\"vc_column-inner\"><div class=\"w-separator size_large\"><\/div><div class=\"wpb_text_column us_custom_922ed992 has_text_color\"><div class=\"wpb_wrapper\"><p>Mira a nuestros miembros que forman parte de Cyclosphera.<\/p>\n<p>Si quieres formar parte o tienes alguna pregunta, \u00a1cont\u00e1rtete con nosotros!<\/p>\n<\/div><\/div><div class=\"w-separator size_medium\"><\/div><div class=\"wpb_text_column us_custom_fa19cac2 has_text_color\"><div class=\"wpb_wrapper\"><h2>\u00a1Te resolveremos las dudas que puedas tener!<\/h2>\n<\/div><\/div><\/div><\/div><\/div><\/div><\/div><div class=\"wpb_column vc_column_container\"><div class=\"vc_column-inner\"><div class=\"w-image align_center\"><div class=\"w-image-h\"><img loading=\"lazy\" decoding=\"async\" width=\"1438\" height=\"2560\" src=\"https:\/\/cccyclosphera.com\/wp-content\/uploads\/2023\/10\/bicicleta-scaled.jpg\" class=\"attachment-full size-full\" alt=\"\" srcset=\"https:\/\/cccyclosphera.com\/wp-content\/uploads\/2023\/10\/bicicleta-scaled.jpg 1438w, https:\/\/cccyclosphera.com\/wp-content\/uploads\/2023\/10\/bicicleta-168x300.jpg 168w, https:\/\/cccyclosphera.com\/wp-content\/uploads\/2023\/10\/bicicleta-575x1024.jpg 575w\" sizes=\"auto, (max-width: 1438px) 100vw, 1438px\" \/><\/div><\/div><\/div><\/div><div class=\"wpb_column vc_column_container\"><div class=\"vc_column-inner\"><div class=\"w-vwrapper align_none valign_top\"><div class=\"w-separator size_medium\"><\/div><div class=\"w-counter us_custom_9de87d4e color_custom align_center\" data-duration=\"2\"><div class=\"w-counter-value\" style=\"color:#7FD9C3;\"><span class=\"w-counter-value-part type_text\" data-final=\"\"><\/span><\/div><\/div><div class=\"w-counter us_custom_9de87d4e color_custom align_center\" data-duration=\"2\"><div class=\"w-counter-value\" style=\"color:#7FD9C3;\"><span class=\"w-counter-value-part type_text\" data-final=\"\"><\/span><span class=\"w-counter-value-part type_number\" data-final=\"50\">1<\/span><span class=\"w-counter-value-part type_text\" data-final=\"\"><\/span><\/div><h3 class=\"w-counter-title\">Miembros<\/h3><\/div><\/div><\/div><\/div><\/div><\/div><\/section><section class=\"l-section wpb_row height_medium\"><div class=\"l-section-h i-cf\"><div class=\"g-cols vc_row via_grid cols_1 laptops-cols_inherit tablets-cols_inherit mobiles-cols_1 valign_top type_default stacking_default\"><div class=\"wpb_column vc_column_container\"><div class=\"vc_column-inner\"><div class=\"w-image us_custom_1faf7262 align_none\"><div class=\"w-image-h\"><img loading=\"lazy\" decoding=\"async\" width=\"3000\" height=\"348\" src=\"https:\/\/cccyclosphera.com\/wp-content\/uploads\/2023\/10\/Logo-digitalizadores-1-1.png\" class=\"attachment-full size-full\" alt=\"\" srcset=\"https:\/\/cccyclosphera.com\/wp-content\/uploads\/2023\/10\/Logo-digitalizadores-1-1.png 3000w, https:\/\/cccyclosphera.com\/wp-content\/uploads\/2023\/10\/Logo-digitalizadores-1-1-300x35.png 300w, https:\/\/cccyclosphera.com\/wp-content\/uploads\/2023\/10\/Logo-digitalizadores-1-1-1024x119.png 1024w\" sizes=\"auto, (max-width: 3000px) 100vw, 3000px\" \/><\/div><\/div><\/div><\/div><\/div><\/div><\/section>\n","protected":false},"excerpt":{"rendered":"El Club Desde la tienda\/taller Cyclosphera, en Banyoles, arrancamos el club en la temporada del 2024 para que todos nuestros clientes y quien lo desee, pueda federarse con nosotros y empezar a crear una comunidad con actividades en el entorno del ciclismo. Nos apasiona el ciclismo, y en el club, fomentamos la pr\u00e1ctica as\u00ed como...","protected":false},"author":1,"featured_media":0,"parent":0,"menu_order":0,"comment_status":"closed","ping_status":"closed","template":"","meta":{"footnotes":""},"class_list":["post-710","page","type-page","status-publish","hentry"],"yoast_head":"<!-- This site is optimized with the Yoast SEO plugin v27.5 - https:\/\/yoast.com\/product\/yoast-seo-wordpress\/ -->\n<title>Cyclosphera Cyclist Club - Cyclosphera Cyclist Club<\/title>\n<meta name=\"robots\" content=\"index, follow, max-snippet:-1, max-image-preview:large, max-video-preview:-1\" \/>\n<link rel=\"canonical\" href=\"https:\/\/cccyclosphera.com\/es\/\" \/>\n<meta property=\"og:locale\" content=\"es_ES\" \/>\n<meta property=\"og:type\" content=\"article\" \/>\n<meta property=\"og:title\" content=\"Cyclosphera Cyclist Club - Cyclosphera Cyclist Club\" \/>\n<meta property=\"og:url\" content=\"https:\/\/cccyclosphera.com\/es\/\" \/>\n<meta property=\"og:site_name\" content=\"Cyclosphera Cyclist Club\" \/>\n<meta property=\"article:modified_time\" content=\"2024-01-31T10:46:52+00:00\" \/>\n<meta name=\"twitter:card\" content=\"summary_large_image\" \/>\n<meta name=\"twitter:label1\" content=\"Tiempo de lectura\" \/>\n\t<meta name=\"twitter:data1\" content=\"2 minutos\" \/>\n<script type=\"application\/ld+json\" class=\"yoast-schema-graph\">{\"@context\":\"https:\\\/\\\/schema.org\",\"@graph\":[{\"@type\":\"WebPage\",\"@id\":\"https:\\\/\\\/cccyclosphera.com\\\/es\\\/\",\"url\":\"https:\\\/\\\/cccyclosphera.com\\\/es\\\/\",\"name\":\"Cyclosphera Cyclist Club - Cyclosphera Cyclist Club\",\"isPartOf\":{\"@id\":\"https:\\\/\\\/cccyclosphera.com\\\/es\\\/#website\"},\"datePublished\":\"2023-10-10T11:12:02+00:00\",\"dateModified\":\"2024-01-31T10:46:52+00:00\",\"breadcrumb\":{\"@id\":\"https:\\\/\\\/cccyclosphera.com\\\/es\\\/#breadcrumb\"},\"inLanguage\":\"es\",\"potentialAction\":[{\"@type\":\"ReadAction\",\"target\":[\"https:\\\/\\\/cccyclosphera.com\\\/es\\\/\"]}]},{\"@type\":\"BreadcrumbList\",\"@id\":\"https:\\\/\\\/cccyclosphera.com\\\/es\\\/#breadcrumb\",\"itemListElement\":[{\"@type\":\"ListItem\",\"position\":1,\"name\":\"Portada\",\"item\":\"https:\\\/\\\/cccyclosphera.com\\\/es\\\/\"},{\"@type\":\"ListItem\",\"position\":2,\"name\":\"Cyclosphera Cyclist Club\"}]},{\"@type\":\"WebSite\",\"@id\":\"https:\\\/\\\/cccyclosphera.com\\\/es\\\/#website\",\"url\":\"https:\\\/\\\/cccyclosphera.com\\\/es\\\/\",\"name\":\"Cyclosphera Cyclist Club\",\"description\":\"\",\"potentialAction\":[{\"@type\":\"SearchAction\",\"target\":{\"@type\":\"EntryPoint\",\"urlTemplate\":\"https:\\\/\\\/cccyclosphera.com\\\/es\\\/?s={search_term_string}\"},\"query-input\":{\"@type\":\"PropertyValueSpecification\",\"valueRequired\":true,\"valueName\":\"search_term_string\"}}],\"inLanguage\":\"es\"}]}<\/script>\n<!-- \/ Yoast SEO plugin. -->","yoast_head_json":{"title":"Cyclosphera Cyclist Club - Cyclosphera Cyclist Club","robots":{"index":"index","follow":"follow","max-snippet":"max-snippet:-1","max-image-preview":"max-image-preview:large","max-video-preview":"max-video-preview:-1"},"canonical":"https:\/\/cccyclosphera.com\/es\/","og_locale":"es_ES","og_type":"article","og_title":"Cyclosphera Cyclist Club - Cyclosphera Cyclist Club","og_url":"https:\/\/cccyclosphera.com\/es\/","og_site_name":"Cyclosphera Cyclist Club","article_modified_time":"2024-01-31T10:46:52+00:00","twitter_card":"summary_large_image","twitter_misc":{"Tiempo de lectura":"2 minutos"},"schema":{"@context":"https:\/\/schema.org","@graph":[{"@type":"WebPage","@id":"https:\/\/cccyclosphera.com\/es\/","url":"https:\/\/cccyclosphera.com\/es\/","name":"Cyclosphera Cyclist Club - Cyclosphera Cyclist Club","isPartOf":{"@id":"https:\/\/cccyclosphera.com\/es\/#website"},"datePublished":"2023-10-10T11:12:02+00:00","dateModified":"2024-01-31T10:46:52+00:00","breadcrumb":{"@id":"https:\/\/cccyclosphera.com\/es\/#breadcrumb"},"inLanguage":"es","potentialAction":[{"@type":"ReadAction","target":["https:\/\/cccyclosphera.com\/es\/"]}]},{"@type":"BreadcrumbList","@id":"https:\/\/cccyclosphera.com\/es\/#breadcrumb","itemListElement":[{"@type":"ListItem","position":1,"name":"Portada","item":"https:\/\/cccyclosphera.com\/es\/"},{"@type":"ListItem","position":2,"name":"Cyclosphera Cyclist Club"}]},{"@type":"WebSite","@id":"https:\/\/cccyclosphera.com\/es\/#website","url":"https:\/\/cccyclosphera.com\/es\/","name":"Cyclosphera Cyclist Club","description":"","potentialAction":[{"@type":"SearchAction","target":{"@type":"EntryPoint","urlTemplate":"https:\/\/cccyclosphera.com\/es\/?s={search_term_string}"},"query-input":{"@type":"PropertyValueSpecification","valueRequired":true,"valueName":"search_term_string"}}],"inLanguage":"es"}]}},"_links":{"self":[{"href":"https:\/\/cccyclosphera.com\/es\/wp-json\/wp\/v2\/pages\/710","targetHints":{"allow":["GET"]}}],"collection":[{"href":"https:\/\/cccyclosphera.com\/es\/wp-json\/wp\/v2\/pages"}],"about":[{"href":"https:\/\/cccyclosphera.com\/es\/wp-json\/wp\/v2\/types\/page"}],"author":[{"embeddable":true,"href":"https:\/\/cccyclosphera.com\/es\/wp-json\/wp\/v2\/users\/1"}],"replies":[{"embeddable":true,"href":"https:\/\/cccyclosphera.com\/es\/wp-json\/wp\/v2\/comments?post=710"}],"version-history":[{"count":1,"href":"https:\/\/cccyclosphera.com\/es\/wp-json\/wp\/v2\/pages\/710\/revisions"}],"predecessor-version":[{"id":735,"href":"https:\/\/cccyclosphera.com\/es\/wp-json\/wp\/v2\/pages\/710\/revisions\/735"}],"wp:attachment":[{"href":"https:\/\/cccyclosphera.com\/es\/wp-json\/wp\/v2\/media?parent=710"}],"curies":[{"name":"wp","href":"https:\/\/api.w.org\/{rel}","templated":true}]}}